{"id":10,"date":"2015-09-01T14:05:41","date_gmt":"2015-09-01T14:05:41","guid":{"rendered":"http:\/\/ordem.com.tr\/?page_id=10"},"modified":"2023-05-16T06:50:47","modified_gmt":"2023-05-16T06:50:47","slug":"devam-eden-projeler","status":"publish","type":"page","link":"https:\/\/ordem.com.tr\/index.php\/devam-eden-projeler\/","title":{"rendered":"DEVAM EDEN PROJELER"},"content":{"rendered":"<p><img decoding=\"async\" class=\"alignnone size-full wp-image-63\" src=\"http:\/\/ordem.com.tr\/wp-content\/uploads\/2015\/09\/banner.jpg\" alt=\"afi\u015f\" width=\"100%\" height=\"auto\" srcset=\"https:\/\/ordem.com.tr\/wp-content\/uploads\/2015\/09\/banner.jpg 1100w, https:\/\/ordem.com.tr\/wp-content\/uploads\/2015\/09\/banner-300x130.jpg 300w, https:\/\/ordem.com.tr\/wp-content\/uploads\/2015\/09\/banner-1024x444.jpg 1024w\" sizes=\"(max-width: 1100px) 100vw, 1100px\" \/><\/p>\n<p>&nbsp;<\/p>\n<p>&nbsp;<\/p>\n<table width=\"1074\">\n<tbody>\n<tr>\n<td width=\"37\"><\/td>\n<td width=\"254\"><\/td>\n<td width=\"302\"><\/td>\n<\/tr>\n<\/tbody>\n<\/table>\n<p>&nbsp;<\/p>\n<table style=\"height: 770px;\" width=\"1074\">\n<tbody>\n<tr>\n<td style=\"text-align: center;\" width=\"37\"><\/td>\n<td style=\"text-align: center;\" width=\"254\"><\/td>\n<td style=\"text-align: center;\" width=\"302\"><\/td>\n<td style=\"text-align: center;\" width=\"119\"><\/td>\n<td style=\"text-align: right;\" width=\"106\"><\/td>\n<\/tr>\n<tr>\n<td width=\"37\"><\/td>\n<td style=\"text-align: center;\" width=\"254\">\n<hr \/>\n<p>&nbsp;<\/p>\n<p><strong><em>UYGULAMA VE ARA\u015eTIRMA HASTANES\u0130 Y\u00dcKSEK \u00d6\u011eRET\u0130M KURUMLARI AKDEN\u0130Z \u00dcN\u0130VERS\u0130TES\u0130<\/em><\/strong><\/p>\n<hr \/>\n<p>&nbsp;<\/td>\n<td style=\"text-align: center; padding-left: 30px;\" width=\"302\"><a href=\"http:\/\/ordem.com.tr\/wp-content\/uploads\/2018\/05\/11.05.2018-5.jpg\"><img loading=\"lazy\" decoding=\"async\" class=\"wp-image-726\" src=\"http:\/\/ordem.com.tr\/wp-content\/uploads\/2018\/05\/11.05.2018-5-200x200.jpg\" alt=\"11.05.2018 (5)\" width=\"304\" height=\"304\" \/><\/a><em><strong>Akdeniz \u00dcniversitesi Di\u015f Hastanesi \u0130kmal \u0130n\u015faat\u0131<\/strong><\/em><\/td>\n<td style=\"padding-left: 30px;\" width=\"119\"><strong>22.540.000,00TL<\/strong><\/td>\n<td style=\"text-align: center;\" width=\"106\"><b>08.01.2018<\/b><\/td>\n<\/tr>\n<tr>\n<td width=\"37\"><\/td>\n<td width=\"254\">\n<hr \/>\n<p><strong><em><em>TC BA\u015eBAKANLIK TOPLU KONUT \u00a0\u0130DARES\u0130 BA\u015eKANLI\u011eI<\/em><\/em><\/strong><\/p>\n<hr \/>\n<\/td>\n<td style=\"text-align: center;\" width=\"302\"><strong><a href=\"http:\/\/ordem.com.tr\/wp-content\/uploads\/2015\/09\/23.02.2016-6.jpg\"><img loading=\"lazy\" decoding=\"async\" class=\"aligncenter wp-image-445 size-medium\" src=\"http:\/\/ordem.com.tr\/wp-content\/uploads\/2015\/09\/23.02.2016-6-300x169.jpg\" alt=\"2016\/02\/23 (6)\" width=\"300\" height=\"169\" srcset=\"https:\/\/ordem.com.tr\/wp-content\/uploads\/2015\/09\/23.02.2016-6-300x169.jpg 300w, https:\/\/ordem.com.tr\/wp-content\/uploads\/2015\/09\/23.02.2016-6-1024x576.jpg 1024w\" sizes=\"(max-width: 300px) 100vw, 300px\" \/><\/a><\/strong>\u00a0<strong><em><em>\u0130zmir \u0130li \u00d6demi\u015f \u0130l\u00e7esi 250 Yatakl\u0131 Devlet Hastanesi \u0130n\u015faat\u0131 \u0130kmal \u0130\u015fi<\/em><\/em><\/strong><\/td>\n<td style=\"text-align: center;\" width=\"119\"><strong>\u00a024.460.000,00TL<\/strong><\/td>\n<td style=\"text-align: center;\" width=\"106\"><b>01.04.2016<\/b><\/td>\n<\/tr>\n<tr>\n<td width=\"37\"><\/td>\n<td style=\"text-align: center;\" width=\"254\">\n<hr \/>\n<p><strong><em><em>M\u0130LL\u0130 SAVUNMA BAKANLI\u011e\u0130 \u0130N\u015eAAT EMLAK NATO G\u00dcVENL\u0130K YATIRIMLARI DA\u0130RE BA\u015eKANLI\u011eI<\/em><\/em><\/strong><\/p>\n<hr \/>\n<\/td>\n<td style=\"text-align: center;\" width=\"302\"><strong><a href=\"http:\/\/ordem.com.tr\/wp-content\/uploads\/2015\/09\/09.02.2016-65.jpg\"><img loading=\"lazy\" decoding=\"async\" class=\"aligncenter wp-image-444 size-medium\" src=\"http:\/\/ordem.com.tr\/wp-content\/uploads\/2015\/09\/09.02.2016-65-300x169.jpg\" alt=\"2016\/02\/09 (65)\" width=\"300\" height=\"169\" \/><\/a><\/strong>\u00a0<strong><em><em>MSB Gaziantep 1&#8217;nci Hudut Alay Komutanl\u0131\u011f\u0131 1&#8217;nci Hd.Taburlar\u0131 1 ve 2&#8217;nci Hd.B\u00f6l\u00fckleri, Karkam\u0131\u015f, Ermi\u015f, Da\u011f Hudut Karakolu Sorumluluk B\u00f6lgelerindeki Hudut Hatt\u0131na Fiziki G\u00fcvenlik Sistemi Yap\u0131lmas\u0131 \u0130n\u015faat\u0131\u00a0<\/em><\/em><\/strong><\/td>\n<td width=\"119\">\u00a0 \u00a0 \u00a0 <strong>\u00a012.175.000,00TL<\/strong><\/p>\n<p style=\"text-align: center;\">\n<\/td>\n<td width=\"106\">\n<p style=\"text-align: left;\">\u00a0 \u00a0 \u00a0 \u00a0 \u00a0 \u00a0 \u00a0 \u00a0 \u00a0 <strong>\u00a026.10.2015<\/strong><\/p>\n<p>&nbsp;<\/td>\n<\/tr>\n<\/tbody>\n<\/table>\n","protected":false},"excerpt":{"rendered":"<p>&nbsp; &nbsp; &nbsp; &nbsp; UYGULAMA VE ARA\u015eTIRMA HASTANES\u0130 Y\u00dcKSEK \u00d6\u011eRET\u0130M KURUMLARI AKDEN\u0130Z \u00dcN\u0130VERS\u0130TES\u0130 &nbsp; Akdeniz \u00dcniversitesi Di\u015f Hastanesi \u0130kmal \u0130n\u015faat\u0131 22.540.000,00TL 08.01.2018 TC BA\u015eBAKANLIK TOPLU KONUT \u00a0\u0130DARES\u0130 BA\u015eKANLI\u011eI \u00a0\u0130zmir \u0130li \u00d6demi\u015f \u0130l\u00e7esi 250 Yatakl\u0131 Devlet Hastanesi \u0130n\u015faat\u0131 \u0130kmal \u0130\u015fi \u00a024.460.000,00TL 01.04.2016 M\u0130LL\u0130 SAVUNMA BAKANLI\u011e\u0130 \u0130N\u015eAAT EMLAK NATO G\u00dcVENL\u0130K YATIRIMLARI DA\u0130RE BA\u015eKANLI\u011eI \u00a0MSB Gaziantep 1&#8217;nci Hudut [&hellip;]<\/p>\n","protected":false},"author":1,"featured_media":0,"parent":0,"menu_order":0,"comment_status":"closed","ping_status":"closed","template":"devam-eden.php","meta":{"footnotes":""},"_links":{"self":[{"href":"https:\/\/ordem.com.tr\/index.php\/wp-json\/wp\/v2\/pages\/10"}],"collection":[{"href":"https:\/\/ordem.com.tr\/index.php\/wp-json\/wp\/v2\/pages"}],"about":[{"href":"https:\/\/ordem.com.tr\/index.php\/wp-json\/wp\/v2\/types\/page"}],"author":[{"embeddable":true,"href":"https:\/\/ordem.com.tr\/index.php\/wp-json\/wp\/v2\/users\/1"}],"replies":[{"embeddable":true,"href":"https:\/\/ordem.com.tr\/index.php\/wp-json\/wp\/v2\/comments?post=10"}],"version-history":[{"count":2,"href":"https:\/\/ordem.com.tr\/index.php\/wp-json\/wp\/v2\/pages\/10\/revisions"}],"predecessor-version":[{"id":867,"href":"https:\/\/ordem.com.tr\/index.php\/wp-json\/wp\/v2\/pages\/10\/revisions\/867"}],"wp:attachment":[{"href":"https:\/\/ordem.com.tr\/index.php\/wp-json\/wp\/v2\/media?parent=10"}],"curies":[{"name":"wp","href":"https:\/\/api.w.org\/{rel}","templated":true}]}}