{"id":12,"date":"2015-09-01T14:05:52","date_gmt":"2015-09-01T14:05:52","guid":{"rendered":"http:\/\/ordem.com.tr\/?page_id=12"},"modified":"2015-09-11T12:32:07","modified_gmt":"2015-09-11T12:32:07","slug":"ik","status":"publish","type":"page","link":"https:\/\/ordem.com.tr\/index.php\/ik\/","title":{"rendered":"\u0130K"},"content":{"rendered":"<p><img decoding=\"async\" class=\"alignnone size-full wp-image-71\" src=\"http:\/\/ordem.com.tr\/wp-content\/uploads\/2015\/09\/ladysmile-banner.jpg\" alt=\"ladysmile-banner\" width=\"100%\" height=\"auto\" srcset=\"https:\/\/ordem.com.tr\/wp-content\/uploads\/2015\/09\/ladysmile-banner.jpg 1003w, https:\/\/ordem.com.tr\/wp-content\/uploads\/2015\/09\/ladysmile-banner-300x86.jpg 300w\" sizes=\"(max-width: 1003px) 100vw, 1003px\" \/><\/p>\n<div role=\"form\" class=\"wpcf7\" id=\"wpcf7-f69-o1\" lang=\"tr-TR\" dir=\"ltr\">\n<div class=\"screen-reader-response\"><p role=\"status\" aria-live=\"polite\" aria-atomic=\"true\"><\/p> <ul><\/ul><\/div>\n<form action=\"\/index.php\/wp-json\/wp\/v2\/pages\/12#wpcf7-f69-o1\" method=\"post\" class=\"wpcf7-form init\" novalidate=\"novalidate\" data-status=\"init\">\n<div style=\"display: none;\">\n<input type=\"hidden\" name=\"_wpcf7\" value=\"69\" \/>\n<input type=\"hidden\" name=\"_wpcf7_version\" value=\"5.3\" \/>\n<input type=\"hidden\" name=\"_wpcf7_locale\" value=\"tr_TR\" \/>\n<input type=\"hidden\" name=\"_wpcf7_unit_tag\" value=\"wpcf7-f69-o1\" \/>\n<input type=\"hidden\" name=\"_wpcf7_container_post\" value=\"0\" \/>\n<input type=\"hidden\" name=\"_wpcf7_posted_data_hash\" value=\"\" \/>\n<\/div>\n<div class=\"basliklar\">\n<h3>Ba\u015fvuru Formu<\/h3>\n<\/div>\n<p><span class=\"wpcf7-form-control-wrap text-666\"><input type=\"text\" name=\"text-666\" value=\"\" size=\"40\" class=\"wpcf7-form-control wpcf7-text form-control\" aria-invalid=\"false\" placeholder=\"Ba\u015fvurulan Pozisyon :\" \/><\/span><br \/>\n<span class=\"wpcf7-form-control-wrap date-861\"><input type=\"date\" name=\"date-861\" value=\"\" class=\"wpcf7-form-control wpcf7-date wpcf7-validates-as-date form-control\" aria-invalid=\"false\" placeholder=\"Ba\u015fvuru Tarihi :\" \/><\/span><\/p>\n<div class=\"basliklar\">\n<h3>Ki\u015fisel Bilgiler<\/h3>\n<\/div>\n<p><span class=\"wpcf7-form-control-wrap text-666\"><input type=\"text\" name=\"text-666\" value=\"\" size=\"40\" class=\"wpcf7-form-control wpcf7-text wpcf7-validates-as-required form-control\" aria-required=\"true\" aria-invalid=\"false\" placeholder=\"Ad\u0131,Soyad\u0131 :\" \/><\/span><br \/>\n<span class=\"wpcf7-form-control-wrap radio-523\"><span class=\"wpcf7-form-control wpcf7-radio form-control\"><span class=\"wpcf7-list-item first\"><input type=\"radio\" name=\"radio-523\" value=\"Kad\u0131n\" \/><span class=\"wpcf7-list-item-label\">Kad\u0131n<\/span><\/span><span class=\"wpcf7-list-item last\"><input type=\"radio\" name=\"radio-523\" value=\"Erkek\" \/><span class=\"wpcf7-list-item-label\">Erkek<\/span><\/span><\/span><\/span><br \/>\n<span class=\"wpcf7-form-control-wrap radio-523\"><span class=\"wpcf7-form-control wpcf7-radio form-control\"><span class=\"wpcf7-list-item first\"><input type=\"radio\" name=\"radio-523\" value=\"Bekar\" \/><span class=\"wpcf7-list-item-label\">Bekar<\/span><\/span><span class=\"wpcf7-list-item last\"><input type=\"radio\" name=\"radio-523\" value=\"Evli\" \/><span class=\"wpcf7-list-item-label\">Evli<\/span><\/span><\/span><\/span><br \/>\n<span class=\"wpcf7-form-control-wrap text-666\"><input type=\"text\" name=\"text-666\" value=\"\" size=\"40\" class=\"wpcf7-form-control wpcf7-text wpcf7-validates-as-required form-control\" aria-required=\"true\" aria-invalid=\"false\" placeholder=\"Do\u011fum Y\u0131l\u0131 \/ Yeri:\" \/><\/span><br \/>\n<span class=\"wpcf7-form-control-wrap text-666\"><input type=\"text\" name=\"text-666\" value=\"\" size=\"40\" class=\"wpcf7-form-control wpcf7-text wpcf7-validates-as-required form-control\" aria-required=\"true\" aria-invalid=\"false\" placeholder=\"Ev Adresi:\" \/><\/span><br \/>\n<span class=\"wpcf7-form-control-wrap text-666\"><input type=\"text\" name=\"text-666\" value=\"\" size=\"40\" class=\"wpcf7-form-control wpcf7-text wpcf7-validates-as-required form-control\" aria-required=\"true\" aria-invalid=\"false\" placeholder=\"Ev Telefonu\" \/><\/span><br \/>\n<span class=\"wpcf7-form-control-wrap text-666\"><input type=\"text\" name=\"text-666\" value=\"\" size=\"40\" class=\"wpcf7-form-control wpcf7-text wpcf7-validates-as-required form-control\" aria-required=\"true\" aria-invalid=\"false\" placeholder=\"Cep Telefonu\" \/><\/span><br \/>\n<span class=\"wpcf7-form-control-wrap email-456\"><input type=\"email\" name=\"email-456\" value=\"\" size=\"40\" class=\"wpcf7-form-control wpcf7-text wpcf7-email wpcf7-validates-as-required wpcf7-validates-as-email form-control\" aria-required=\"true\" aria-invalid=\"false\" placeholder=\"Email Adresi\" \/><\/span><\/p>\n<div class=\"basliklar\">\n<h3>Askerlik Durumu<\/h3>\n<\/div>\n<p><span class=\"wpcf7-form-control-wrap text-666\"><input type=\"text\" name=\"text-666\" value=\"\" size=\"40\" class=\"wpcf7-form-control wpcf7-text wpcf7-validates-as-required form-control\" aria-required=\"true\" aria-invalid=\"false\" placeholder=\"Yeri\/Tarihi:\" \/><\/span><\/p>\n<div class=\"basliklar\">\n<h3> \u00d6\u011frenim Durumu<\/h3>\n<\/div>\n<div class=\"basliklar-2\">\n<h5> Lise veya Dengi<\/h5>\n<\/div>\n<div class=\"col-md-4\"><span class=\"wpcf7-form-control-wrap text-934\"><input type=\"text\" name=\"text-934\" value=\"\" size=\"40\" class=\"wpcf7-form-control wpcf7-text wpcf7-validates-as-required form-control\" aria-required=\"true\" aria-invalid=\"false\" placeholder=\"Okul Ad\u0131, Yeri\" \/><\/span><\/div>\n<div class=\"col-md-4\"><span class=\"wpcf7-form-control-wrap text-935\"><input type=\"text\" name=\"text-935\" value=\"\" size=\"40\" class=\"wpcf7-form-control wpcf7-text wpcf7-validates-as-required form-control\" aria-required=\"true\" aria-invalid=\"false\" placeholder=\"B\u00f6l\u00fcm\u00fc\" \/><\/span><\/div>\n<div class=\"col-md-4\"><span class=\"wpcf7-form-control-wrap text-936\"><input type=\"text\" name=\"text-936\" value=\"\" size=\"40\" class=\"wpcf7-form-control wpcf7-text wpcf7-validates-as-required form-control\" aria-required=\"true\" aria-invalid=\"false\" placeholder=\"Mez. Y\u0131l\u0131\" \/><\/span><\/div>\n<div class=\"clearfix\"><\/div>\n<div class=\"basliklar-2\">\n<h5>\u00d6n Lisans<\/h5>\n<\/div>\n<div class=\"col-md-4\"><span class=\"wpcf7-form-control-wrap text-271\"><input type=\"text\" name=\"text-271\" value=\"\" size=\"40\" class=\"wpcf7-form-control wpcf7-text wpcf7-validates-as-required form-control\" aria-required=\"true\" aria-invalid=\"false\" placeholder=\"Okul Ad\u0131, Yeri\" \/><\/span><\/div>\n<div class=\"col-md-4\"><span class=\"wpcf7-form-control-wrap text-272\"><input type=\"text\" name=\"text-272\" value=\"\" size=\"40\" class=\"wpcf7-form-control wpcf7-text wpcf7-validates-as-required form-control\" aria-required=\"true\" aria-invalid=\"false\" placeholder=\"B\u00f6l\u00fcm\u00fc\" \/><\/span><\/div>\n<div class=\"col-md-4\"><span class=\"wpcf7-form-control-wrap text-273\"><input type=\"text\" name=\"text-273\" value=\"\" size=\"40\" class=\"wpcf7-form-control wpcf7-text wpcf7-validates-as-required form-control\" aria-required=\"true\" aria-invalid=\"false\" placeholder=\"Mez. Y\u0131l\u0131\" \/><\/span><\/div>\n<div class=\"clearfix\"><\/div>\n<div class=\"basliklar-2\">\n<h5>Lisans<\/h5>\n<\/div>\n<div class=\"col-md-4\"><span class=\"wpcf7-form-control-wrap text-274\"><input type=\"text\" name=\"text-274\" value=\"\" size=\"40\" class=\"wpcf7-form-control wpcf7-text wpcf7-validates-as-required form-control\" aria-required=\"true\" aria-invalid=\"false\" placeholder=\"Okul Ad\u0131, Yeri\" \/><\/span><\/div>\n<div class=\"col-md-4\"><span class=\"wpcf7-form-control-wrap text-275\"><input type=\"text\" name=\"text-275\" value=\"\" size=\"40\" class=\"wpcf7-form-control wpcf7-text wpcf7-validates-as-required form-control\" aria-required=\"true\" aria-invalid=\"false\" placeholder=\"B\u00f6l\u00fcm\u00fc\" \/><\/span><\/div>\n<div class=\"col-md-4\"><span class=\"wpcf7-form-control-wrap text-276\"><input type=\"text\" name=\"text-276\" value=\"\" size=\"40\" class=\"wpcf7-form-control wpcf7-text wpcf7-validates-as-required form-control\" aria-required=\"true\" aria-invalid=\"false\" placeholder=\"Mez. Y\u0131l\u0131\" \/><\/span><\/div>\n<div class=\"clearfix\"><\/div>\n<div class=\"basliklar-2\">\n<h5>Y\u00fcksek Lisans<\/h5>\n<\/div>\n<div class=\"col-md-4\"><span class=\"wpcf7-form-control-wrap text-277\"><input type=\"text\" name=\"text-277\" value=\"\" size=\"40\" class=\"wpcf7-form-control wpcf7-text wpcf7-validates-as-required form-control\" aria-required=\"true\" aria-invalid=\"false\" placeholder=\"Okul Ad\u0131, Yeri\" \/><\/span><\/div>\n<div class=\"col-md-4\"><span class=\"wpcf7-form-control-wrap text-278\"><input type=\"text\" name=\"text-278\" value=\"\" size=\"40\" class=\"wpcf7-form-control wpcf7-text wpcf7-validates-as-required form-control\" aria-required=\"true\" aria-invalid=\"false\" placeholder=\"B\u00f6l\u00fcm\u00fc\" \/><\/span><\/div>\n<div class=\"col-md-4 \"><span class=\"wpcf7-form-control-wrap text-279\"><input type=\"text\" name=\"text-279\" value=\"\" size=\"40\" class=\"wpcf7-form-control wpcf7-text wpcf7-validates-as-required form-control\" aria-required=\"true\" aria-invalid=\"false\" placeholder=\"Mez. Y\u0131l\u0131\" \/><\/span><\/div>\n<div class=\"clearfix\"><\/div>\n<div class=\"basliklar-2\">\n<h5> Di\u011fer<\/h5>\n<\/div>\n<div class=\"col-md-4\"><span class=\"wpcf7-form-control-wrap text-280\"><input type=\"text\" name=\"text-280\" value=\"\" size=\"40\" class=\"wpcf7-form-control wpcf7-text wpcf7-validates-as-required form-control\" aria-required=\"true\" aria-invalid=\"false\" placeholder=\"Okul Ad\u0131, Yeri\" \/><\/span><\/div>\n<div class=\"col-md-4\"><span class=\"wpcf7-form-control-wrap text-281\"><input type=\"text\" name=\"text-281\" value=\"\" size=\"40\" class=\"wpcf7-form-control wpcf7-text wpcf7-validates-as-required form-control\" aria-required=\"true\" aria-invalid=\"false\" placeholder=\"B\u00f6l\u00fcm\u00fc\" \/><\/span><\/div>\n<div class=\"col-md-4\"><span class=\"wpcf7-form-control-wrap text-282\"><input type=\"text\" name=\"text-282\" value=\"\" size=\"40\" class=\"wpcf7-form-control wpcf7-text wpcf7-validates-as-required form-control\" aria-required=\"true\" aria-invalid=\"false\" placeholder=\"Mez. Y\u0131l\u0131\" \/><\/span><\/div>\n<div class=\"clearfix\"><\/div>\n<div class=\"basliklar\">\n<h3>Kat\u0131ld\u0131\u011f\u0131n\u0131z Kurs ve Seminerler<\/h3>\n<\/div>\n<div class=\"col-md-3  colmduc\"><span class=\"wpcf7-form-control-wrap text-283\"><input type=\"text\" name=\"text-283\" value=\"\" size=\"40\" class=\"wpcf7-form-control wpcf7-text wpcf7-validates-as-required form-control\" aria-required=\"true\" aria-invalid=\"false\" placeholder=\"E\u011fitimin Ad\u0131\" \/><\/span><\/div>\n<div class=\"col-md-3  colmduc\"><span class=\"wpcf7-form-control-wrap text-284\"><input type=\"text\" name=\"text-284\" value=\"\" size=\"40\" class=\"wpcf7-form-control wpcf7-text wpcf7-validates-as-required form-control\" aria-required=\"true\" aria-invalid=\"false\" placeholder=\"E\u011fitici Firma\" \/><\/span><\/div>\n<div class=\"col-md-3  colmduc\"><span class=\"wpcf7-form-control-wrap text-285\"><input type=\"text\" name=\"text-285\" value=\"\" size=\"40\" class=\"wpcf7-form-control wpcf7-text wpcf7-validates-as-required form-control\" aria-required=\"true\" aria-invalid=\"false\" placeholder=\"Yeri\" \/><\/span><\/div>\n<div class=\"col-md-3  colmduc\"><span class=\"wpcf7-form-control-wrap text-286\"><input type=\"text\" name=\"text-286\" value=\"\" size=\"40\" class=\"wpcf7-form-control wpcf7-text wpcf7-validates-as-required form-control\" aria-required=\"true\" aria-invalid=\"false\" placeholder=\"Y\u0131l \/ S\u00fcre\" \/><\/span><\/div>\n<div class=\"clearfix\"><\/div>\n<div class=\"col-md-3  colmduc\"><span class=\"wpcf7-form-control-wrap text-287\"><input type=\"text\" name=\"text-287\" value=\"\" size=\"40\" class=\"wpcf7-form-control wpcf7-text wpcf7-validates-as-required form-control\" aria-required=\"true\" aria-invalid=\"false\" placeholder=\"E\u011fitimin Ad\u0131\" \/><\/span><\/div>\n<div class=\"col-md-3  colmduc\"><span class=\"wpcf7-form-control-wrap text-288\"><input type=\"text\" name=\"text-288\" value=\"\" size=\"40\" class=\"wpcf7-form-control wpcf7-text wpcf7-validates-as-required form-control\" aria-required=\"true\" aria-invalid=\"false\" placeholder=\"E\u011fitici Firma\" \/><\/span><\/div>\n<div class=\"col-md-3  colmduc\"><span class=\"wpcf7-form-control-wrap text-289\"><input type=\"text\" name=\"text-289\" value=\"\" size=\"40\" class=\"wpcf7-form-control wpcf7-text wpcf7-validates-as-required form-control\" aria-required=\"true\" aria-invalid=\"false\" placeholder=\"Yeri\" \/><\/span><\/div>\n<div class=\"col-md-3  colmduc\"><span class=\"wpcf7-form-control-wrap text-290\"><input type=\"text\" name=\"text-290\" value=\"\" size=\"40\" class=\"wpcf7-form-control wpcf7-text wpcf7-validates-as-required form-control\" aria-required=\"true\" aria-invalid=\"false\" placeholder=\"Y\u0131l \/ S\u00fcre\" \/><\/span><\/div>\n<div class=\"clearfix\"><\/div>\n<div class=\"col-md-3  colmduc\"><span class=\"wpcf7-form-control-wrap text-291\"><input type=\"text\" name=\"text-291\" value=\"\" size=\"40\" class=\"wpcf7-form-control wpcf7-text wpcf7-validates-as-required form-control\" aria-required=\"true\" aria-invalid=\"false\" placeholder=\"E\u011fitimin Ad\u0131\" \/><\/span><\/div>\n<div class=\"col-md-3  colmduc\"><span class=\"wpcf7-form-control-wrap text-292\"><input type=\"text\" name=\"text-292\" value=\"\" size=\"40\" class=\"wpcf7-form-control wpcf7-text wpcf7-validates-as-required form-control\" aria-required=\"true\" aria-invalid=\"false\" placeholder=\"E\u011fitici Firma\" \/><\/span><\/div>\n<div class=\"col-md-3  colmduc\"><span class=\"wpcf7-form-control-wrap text-293\"><input type=\"text\" name=\"text-293\" value=\"\" size=\"40\" class=\"wpcf7-form-control wpcf7-text wpcf7-validates-as-required form-control\" aria-required=\"true\" aria-invalid=\"false\" placeholder=\"Yeri\" \/><\/span><\/div>\n<div class=\"col-md-3  colmduc\"><span class=\"wpcf7-form-control-wrap text-294\"><input type=\"text\" name=\"text-294\" value=\"\" size=\"40\" class=\"wpcf7-form-control wpcf7-text wpcf7-validates-as-required form-control\" aria-required=\"true\" aria-invalid=\"false\" placeholder=\"Y\u0131l \/ S\u00fcre\" \/><\/span><\/div>\n<div class=\"clearfix\"><\/div>\n<div class=\"col-md-3  colmduc\"><span class=\"wpcf7-form-control-wrap text-295\"><input type=\"text\" name=\"text-295\" value=\"\" size=\"40\" class=\"wpcf7-form-control wpcf7-text wpcf7-validates-as-required form-control\" aria-required=\"true\" aria-invalid=\"false\" placeholder=\"E\u011fitimin Ad\u0131\" \/><\/span><\/div>\n<div class=\"col-md-3  colmduc\"><span class=\"wpcf7-form-control-wrap text-296\"><input type=\"text\" name=\"text-296\" value=\"\" size=\"40\" class=\"wpcf7-form-control wpcf7-text wpcf7-validates-as-required form-control\" aria-required=\"true\" aria-invalid=\"false\" placeholder=\"E\u011fitici Firma\" \/><\/span><\/div>\n<div class=\"col-md-3  colmduc\"><span class=\"wpcf7-form-control-wrap text-297\"><input type=\"text\" name=\"text-297\" value=\"\" size=\"40\" class=\"wpcf7-form-control wpcf7-text wpcf7-validates-as-required form-control\" aria-required=\"true\" aria-invalid=\"false\" placeholder=\"Yeri\" \/><\/span><\/div>\n<div class=\"col-md-3  colmduc\"><span class=\"wpcf7-form-control-wrap text-298\"><input type=\"text\" name=\"text-298\" value=\"\" size=\"40\" class=\"wpcf7-form-control wpcf7-text wpcf7-validates-as-required form-control\" aria-required=\"true\" aria-invalid=\"false\" placeholder=\"Y\u0131l \/ S\u00fcre\" \/><\/span><\/div>\n<div class=\"clearfix\"><\/div>\n<div class=\"col-md-3  colmduc\"><span class=\"wpcf7-form-control-wrap text-299\"><input type=\"text\" name=\"text-299\" value=\"\" size=\"40\" class=\"wpcf7-form-control wpcf7-text wpcf7-validates-as-required form-control\" aria-required=\"true\" aria-invalid=\"false\" placeholder=\"E\u011fitimin Ad\u0131\" \/><\/span><\/div>\n<div class=\"col-md-3  colmduc\"><span class=\"wpcf7-form-control-wrap text-300\"><input type=\"text\" name=\"text-300\" value=\"\" size=\"40\" class=\"wpcf7-form-control wpcf7-text wpcf7-validates-as-required form-control\" aria-required=\"true\" aria-invalid=\"false\" placeholder=\"E\u011fitici Firma\" \/><\/span><\/div>\n<div class=\"col-md-3  colmduc\"><span class=\"wpcf7-form-control-wrap text-301\"><input type=\"text\" name=\"text-301\" value=\"\" size=\"40\" class=\"wpcf7-form-control wpcf7-text wpcf7-validates-as-required form-control\" aria-required=\"true\" aria-invalid=\"false\" placeholder=\"Yeri\" \/><\/span><\/div>\n<div class=\"col-md-3  colmduc\"><span class=\"wpcf7-form-control-wrap text-302\"><input type=\"text\" name=\"text-302\" value=\"\" size=\"40\" class=\"wpcf7-form-control wpcf7-text wpcf7-validates-as-required form-control\" aria-required=\"true\" aria-invalid=\"false\" placeholder=\"Y\u0131l \/ S\u00fcre\" \/><\/span><\/div>\n<div class=\"clearfix\"><\/div>\n<div class=\"col-md-3  colmduc\"><span class=\"wpcf7-form-control-wrap text-303\"><input type=\"text\" name=\"text-303\" value=\"\" size=\"40\" class=\"wpcf7-form-control wpcf7-text wpcf7-validates-as-required form-control\" aria-required=\"true\" aria-invalid=\"false\" placeholder=\"E\u011fitimin Ad\u0131\" \/><\/span><\/div>\n<div class=\"col-md-3  colmduc\"><span class=\"wpcf7-form-control-wrap text-304\"><input type=\"text\" name=\"text-304\" value=\"\" size=\"40\" class=\"wpcf7-form-control wpcf7-text wpcf7-validates-as-required form-control\" aria-required=\"true\" aria-invalid=\"false\" placeholder=\"E\u011fitici Firma\" \/><\/span><\/div>\n<div class=\"col-md-3  colmduc\"><span class=\"wpcf7-form-control-wrap text-305\"><input type=\"text\" name=\"text-305\" value=\"\" size=\"40\" class=\"wpcf7-form-control wpcf7-text wpcf7-validates-as-required form-control\" aria-required=\"true\" aria-invalid=\"false\" placeholder=\"Yeri\" \/><\/span><\/div>\n<div class=\"col-md-3  colmduc\"><span class=\"wpcf7-form-control-wrap text-306\"><input type=\"text\" name=\"text-306\" value=\"\" size=\"40\" class=\"wpcf7-form-control wpcf7-text wpcf7-validates-as-required form-control\" aria-required=\"true\" aria-invalid=\"false\" placeholder=\"Y\u0131l \/ S\u00fcre\" \/><\/span><\/div>\n<div class=\"clearfix\"><\/div>\n<div class=\"basliklar\">\n<h3>  \u0130\u015f Tecr\u00fcbesi<\/h3>\n<\/div>\n<div class=\"col-md-3  colmduc\"> <span class=\"wpcf7-form-control-wrap text-92\"><input type=\"text\" name=\"text-92\" value=\"\" size=\"40\" class=\"wpcf7-form-control wpcf7-text form-control\" aria-invalid=\"false\" placeholder=\"\u00c7al\u0131\u015ft\u0131\u011f\u0131 \u0130\u015f Yeri\" \/><\/span><\/div>\n<div class=\"col-md-3  colmduc\">  <span class=\"wpcf7-form-control-wrap text-93\"><input type=\"text\" name=\"text-93\" value=\"\" size=\"40\" class=\"wpcf7-form-control wpcf7-text form-control\" aria-invalid=\"false\" placeholder=\"G\u00f6rev \/ \u00dcnvan\u0131\" \/><\/span><\/div>\n<div class=\"col-md-3  colmduc\"> <span class=\"wpcf7-form-control-wrap text-94\"><input type=\"text\" name=\"text-94\" value=\"\" size=\"40\" class=\"wpcf7-form-control wpcf7-text form-control\" aria-invalid=\"false\" placeholder=\"\u00c7al\u0131\u015fma Tarihleri\" \/><\/span><\/div>\n<div class=\"col-md-3  colmduc\"> <span class=\"wpcf7-form-control-wrap text-95\"><input type=\"text\" name=\"text-95\" value=\"\" size=\"40\" class=\"wpcf7-form-control wpcf7-text form-control\" aria-invalid=\"false\" placeholder=\"Ayr\u0131lma Nedeni\" \/><\/span><\/div>\n<div class=\"clearfix\"><\/div>\n<div class=\"col-md-3  colmduc\"> <span class=\"wpcf7-form-control-wrap text-96\"><input type=\"text\" name=\"text-96\" value=\"\" size=\"40\" class=\"wpcf7-form-control wpcf7-text form-control\" aria-invalid=\"false\" placeholder=\"\u00c7al\u0131\u015ft\u0131\u011f\u0131 \u0130\u015f Yeri\" \/><\/span><\/div>\n<div class=\"col-md-3  colmduc\">  <span class=\"wpcf7-form-control-wrap text-97\"><input type=\"text\" name=\"text-97\" value=\"\" size=\"40\" class=\"wpcf7-form-control wpcf7-text form-control\" aria-invalid=\"false\" placeholder=\"G\u00f6rev \/ \u00dcnvan\u0131\" \/><\/span><\/div>\n<div class=\"col-md-3  colmduc\"> <span class=\"wpcf7-form-control-wrap text-98\"><input type=\"text\" name=\"text-98\" value=\"\" size=\"40\" class=\"wpcf7-form-control wpcf7-text form-control\" aria-invalid=\"false\" placeholder=\"\u00c7al\u0131\u015fma Tarihleri\" \/><\/span><\/div>\n<div class=\"col-md-3  colmduc\"> <span class=\"wpcf7-form-control-wrap text-99\"><input type=\"text\" name=\"text-99\" value=\"\" size=\"40\" class=\"wpcf7-form-control wpcf7-text form-control\" aria-invalid=\"false\" placeholder=\"Ayr\u0131lma Nedeni\" \/><\/span><\/div>\n<div class=\"clearfix\"><\/div>\n<div class=\"col-md-3  colmduc\"> <span class=\"wpcf7-form-control-wrap text-100\"><input type=\"text\" name=\"text-100\" value=\"\" size=\"40\" class=\"wpcf7-form-control wpcf7-text form-control\" aria-invalid=\"false\" placeholder=\"\u00c7al\u0131\u015ft\u0131\u011f\u0131 \u0130\u015f Yeri\" \/><\/span><\/div>\n<div class=\"col-md-3  colmduc\">  <span class=\"wpcf7-form-control-wrap text-101\"><input type=\"text\" name=\"text-101\" value=\"\" size=\"40\" class=\"wpcf7-form-control wpcf7-text form-control\" aria-invalid=\"false\" placeholder=\"G\u00f6rev \/ \u00dcnvan\u0131\" \/><\/span><\/div>\n<div class=\"col-md-3  colmduc\"> <span class=\"wpcf7-form-control-wrap text-102\"><input type=\"text\" name=\"text-102\" value=\"\" size=\"40\" class=\"wpcf7-form-control wpcf7-text form-control\" aria-invalid=\"false\" placeholder=\"\u00c7al\u0131\u015fma Tarihleri\" \/><\/span><\/div>\n<div class=\"col-md-3  colmduc\"> <span class=\"wpcf7-form-control-wrap text-103\"><input type=\"text\" name=\"text-103\" value=\"\" size=\"40\" class=\"wpcf7-form-control wpcf7-text form-control\" aria-invalid=\"false\" placeholder=\"Ayr\u0131lma Nedeni\" \/><\/span><\/div>\n<div class=\"clearfix\"><\/div>\n<div class=\"col-md-3  colmduc\"> <span class=\"wpcf7-form-control-wrap text-104\"><input type=\"text\" name=\"text-104\" value=\"\" size=\"40\" class=\"wpcf7-form-control wpcf7-text form-control\" aria-invalid=\"false\" placeholder=\"\u00c7al\u0131\u015ft\u0131\u011f\u0131 \u0130\u015f Yeri\" \/><\/span><\/div>\n<div class=\"col-md-3  colmduc\">  <span class=\"wpcf7-form-control-wrap text-105\"><input type=\"text\" name=\"text-105\" value=\"\" size=\"40\" class=\"wpcf7-form-control wpcf7-text form-control\" aria-invalid=\"false\" placeholder=\"G\u00f6rev \/ \u00dcnvan\u0131\" \/><\/span><\/div>\n<div class=\"col-md-3  colmduc\"> <span class=\"wpcf7-form-control-wrap text-106\"><input type=\"text\" name=\"text-106\" value=\"\" size=\"40\" class=\"wpcf7-form-control wpcf7-text form-control\" aria-invalid=\"false\" placeholder=\"\u00c7al\u0131\u015fma Tarihleri\" \/><\/span><\/div>\n<div class=\"col-md-3  colmduc\"> <span class=\"wpcf7-form-control-wrap text-107\"><input type=\"text\" name=\"text-107\" value=\"\" size=\"40\" class=\"wpcf7-form-control wpcf7-text form-control\" aria-invalid=\"false\" placeholder=\"Ayr\u0131lma Nedeni\" \/><\/span><\/div>\n<div class=\"clearfix\"><\/div>\n<div class=\"basliklar\">\n<h3>   Bildi\u011finiz Yabanc\u0131 Diller<\/h3>\n<\/div>\n<div class=\"col-md-8\"><span class=\"wpcf7-form-control-wrap text-942\"><input type=\"text\" name=\"text-942\" value=\"\" size=\"40\" class=\"wpcf7-form-control wpcf7-text form-control\" aria-invalid=\"false\" placeholder=\"Yabanc\u0131 Dil\" \/><\/span><\/div>\n<div class=\"col-md-4   colmduc\"><span class=\"wpcf7-form-control-wrap menu-501\"><select name=\"menu-501\" class=\"wpcf7-form-control wpcf7-select form-control\" aria-invalid=\"false\"><option value=\"\u00c7ok \u0130yi\">\u00c7ok \u0130yi<\/option><option value=\"\u0130yi\">\u0130yi<\/option><option value=\"Orta\">Orta<\/option><option value=\"Zay\u0131f\">Zay\u0131f<\/option><\/select><\/span> <\/div>\n<div class=\"clearfix\"><\/div>\n<div class=\"col-md-8\"><span class=\"wpcf7-form-control-wrap text-942\"><input type=\"text\" name=\"text-942\" value=\"\" size=\"40\" class=\"wpcf7-form-control wpcf7-text form-control\" aria-invalid=\"false\" placeholder=\"Yabanc\u0131 Dil\" \/><\/span><\/div>\n<div class=\"col-md-4 colmduc\"><span class=\"wpcf7-form-control-wrap menu-501\"><select name=\"menu-501\" class=\"wpcf7-form-control wpcf7-select form-control\" aria-invalid=\"false\"><option value=\"\u00c7ok \u0130yi\">\u00c7ok \u0130yi<\/option><option value=\"\u0130yi\">\u0130yi<\/option><option value=\"Orta\">Orta<\/option><option value=\"Zay\u0131f\">Zay\u0131f<\/option><\/select><\/span> <\/div>\n<div class=\"clearfix\"><\/div>\n<div class=\"col-md-8\"><span class=\"wpcf7-form-control-wrap text-942\"><input type=\"text\" name=\"text-942\" value=\"\" size=\"40\" class=\"wpcf7-form-control wpcf7-text form-control\" aria-invalid=\"false\" placeholder=\"Yabanc\u0131 Dil\" \/><\/span><\/div>\n<div class=\"col-md-4 colmduc\"><span class=\"wpcf7-form-control-wrap menu-501\"><select name=\"menu-501\" class=\"wpcf7-form-control wpcf7-select form-control\" aria-invalid=\"false\"><option value=\"\u00c7ok \u0130yi\">\u00c7ok \u0130yi<\/option><option value=\"\u0130yi\">\u0130yi<\/option><option value=\"Orta\">Orta<\/option><option value=\"Zay\u0131f\">Zay\u0131f<\/option><\/select><\/span> <\/div>\n<div class=\"clearfix\"><\/div>\n<div class=\"basliklar\">\n<h3>   Kulland\u0131\u011f\u0131n\u0131z Bilgisayar Programlar\u0131 ve \u0130\u015fletim Sistemleri<\/h3>\n<\/div>\n<p><span class=\"wpcf7-form-control-wrap textarea-99\"><textarea name=\"textarea-99\" cols=\"40\" rows=\"10\" class=\"wpcf7-form-control wpcf7-textarea form-control\" aria-invalid=\"false\" placeholder=\"(L\u00fctfen Seviyelerini Belirtiniz)\"><\/textarea><\/span><\/p>\n<div class=\"basliklar\">\n<h3>Eklemek \u0130stedi\u011finiz Di\u011fer Bilgiler<\/h3>\n<\/div>\n<p><span class=\"wpcf7-form-control-wrap textarea-99\"><textarea name=\"textarea-99\" cols=\"40\" rows=\"10\" class=\"wpcf7-form-control wpcf7-textarea form-control\" aria-invalid=\"false\"><\/textarea><\/span><\/p>\n<p> <input type=\"submit\" value=\"Formu G\u00f6nder\" class=\"wpcf7-form-control wpcf7-submit ik-btn\" \/><\/p>\n<div class=\"wpcf7-response-output\" aria-hidden=\"true\"><\/div><\/form><\/div>\n","protected":false},"excerpt":{"rendered":"","protected":false},"author":1,"featured_media":0,"parent":0,"menu_order":0,"comment_status":"closed","ping_status":"closed","template":"","meta":{"footnotes":""},"_links":{"self":[{"href":"https:\/\/ordem.com.tr\/index.php\/wp-json\/wp\/v2\/pages\/12"}],"collection":[{"href":"https:\/\/ordem.com.tr\/index.php\/wp-json\/wp\/v2\/pages"}],"about":[{"href":"https:\/\/ordem.com.tr\/index.php\/wp-json\/wp\/v2\/types\/page"}],"author":[{"embeddable":true,"href":"https:\/\/ordem.com.tr\/index.php\/wp-json\/wp\/v2\/users\/1"}],"replies":[{"embeddable":true,"href":"https:\/\/ordem.com.tr\/index.php\/wp-json\/wp\/v2\/comments?post=12"}],"version-history":[{"count":0,"href":"https:\/\/ordem.com.tr\/index.php\/wp-json\/wp\/v2\/pages\/12\/revisions"}],"wp:attachment":[{"href":"https:\/\/ordem.com.tr\/index.php\/wp-json\/wp\/v2\/media?parent=12"}],"curies":[{"name":"wp","href":"https:\/\/api.w.org\/{rel}","templated":true}]}}