{"id":14,"date":"2015-09-01T14:06:01","date_gmt":"2015-09-01T14:06:01","guid":{"rendered":"http:\/\/ordem.com.tr\/?page_id=14"},"modified":"2016-04-02T08:04:03","modified_gmt":"2016-04-02T08:04:03","slug":"iletisim","status":"publish","type":"page","link":"https:\/\/ordem.com.tr\/index.php\/iletisim\/","title":{"rendered":"\u0130LET\u0130\u015e\u0130M"},"content":{"rendered":"<div class=\"adress2\"><i class=\"fa fa-map-marker\"><\/i><em>\u00c7i\u00e7ekda\u011f\u0131 Sokak No: 1\/2 06700 Gaziosmanpa\u015fa \/ Ankara<\/em><br \/>\n<em> Tel: 0312 447 34 34 (pbx)<\/em><br \/>\n<em> Fax: (0312) 448 00 01<\/em><br \/>\n<em>E-Mail: ordemyapi@gmail.com<\/em><\/div>\n","protected":false},"excerpt":{"rendered":"<p>\u00c7i\u00e7ekda\u011f\u0131 Sokak No: 1\/2 06700 Gaziosmanpa\u015fa \/ Ankara Tel: 0312 447 34 34 (pbx) Fax: (0312) 448 00 01 E-Mail: ordemyapi@gmail.com<\/p>\n","protected":false},"author":1,"featured_media":0,"parent":0,"menu_order":0,"comment_status":"closed","ping_status":"closed","template":"","meta":{"footnotes":""},"_links":{"self":[{"href":"https:\/\/ordem.com.tr\/index.php\/wp-json\/wp\/v2\/pages\/14"}],"collection":[{"href":"https:\/\/ordem.com.tr\/index.php\/wp-json\/wp\/v2\/pages"}],"about":[{"href":"https:\/\/ordem.com.tr\/index.php\/wp-json\/wp\/v2\/types\/page"}],"author":[{"embeddable":true,"href":"https:\/\/ordem.com.tr\/index.php\/wp-json\/wp\/v2\/users\/1"}],"replies":[{"embeddable":true,"href":"https:\/\/ordem.com.tr\/index.php\/wp-json\/wp\/v2\/comments?post=14"}],"version-history":[{"count":0,"href":"https:\/\/ordem.com.tr\/index.php\/wp-json\/wp\/v2\/pages\/14\/revisions"}],"wp:attachment":[{"href":"https:\/\/ordem.com.tr\/index.php\/wp-json\/wp\/v2\/media?parent=14"}],"curies":[{"name":"wp","href":"https:\/\/api.w.org\/{rel}","templated":true}]}}